{"id":381,"date":"2023-04-09T09:32:18","date_gmt":"2023-04-09T07:32:18","guid":{"rendered":"https:\/\/www.au-donau.at\/heimathaus2023\/?page_id=381"},"modified":"2024-06-23T21:52:05","modified_gmt":"2024-06-23T19:52:05","slug":"impressum","status":"publish","type":"page","link":"https:\/\/www.au-donau.at\/heimathaus\/impressum\/","title":{"rendered":"Impressum"},"content":{"rendered":"\t\t<div data-elementor-type=\"wp-page\" data-elementor-id=\"381\" class=\"elementor elementor-381\" data-elementor-post-type=\"page\">\n\t\t\t\t<div class=\"elementor-element elementor-element-b593bd8 e-flex e-con-boxed e-con e-parent\" data-id=\"b593bd8\" data-element_type=\"container\" data-e-type=\"container\">\n\t\t\t\t\t<div class=\"e-con-inner\">\n\t\t\t\t<div class=\"elementor-element elementor-element-f2c54f0 elementor-widget elementor-widget-text-editor\" data-id=\"f2c54f0\" data-element_type=\"widget\" data-e-type=\"widget\" data-widget_type=\"text-editor.default\">\n\t\t\t\t<div class=\"elementor-widget-container\">\n\t\t\t\t\t\t\t\t\t<p>Offenlegung gem\u00e4\u00df dem Mediengesetz:<\/p><p>Vereinsbezeichnung: FORUM NAARN<br \/>ZVR-Zahl: 787682359<\/p><h3>Vereinsadresse:<\/h3><p>Salznerweg 7<br \/>A-4331 Naarn im Machland<\/p><h3>Kontakt:<\/h3><p>Obmann Harald Lambauer<\/p><p><a href=\"https:\/\/www.au-donau.at\/heimathaus\/kontakt\/\">Zur Kontaktseite<\/a><\/p><p>Ziel des Vereines ist die Erhaltung des Naarner Heimathauses sowie die Erhaltung des heimatlichen Kulturgutes.<\/p><h3><span class=\"ff2 fc4 fs14 fb \">Rechtliche Hinweise:<\/span><\/h3><h6><span class=\"ff2 fc3 fs14 \"><br \/>(1)\u00a0<\/span><span class=\"ff2 fc3 fs14 fb fu \">Haftungsbeschr\u00e4nkung<\/span><\/h6><p><span class=\"ff2 fc3 fs14 fi \">Externe Links<\/span><span class=\"ff2 fc3 fs14 \"><br \/>Diese Website enth\u00e4lt Verkn\u00fcpfungen zu Websites Dritter (\u201eexterne Links\u201c). Diese Websites unterliegen der Haftung der jeweiligen Betreiber. Der Anbieter hat bei der erstmaligen Verkn\u00fcpfung der externen Links die fremden Inhalte daraufhin \u00fcberpr\u00fcft, ob etwaige Rechtsverst\u00f6\u00dfe bestehen. Zu dem Zeitpunkt waren keine Rechtsverst\u00f6\u00dfe ersichtlich. Der Anbieter hat keinerlei Einfluss auf die aktuelle und zuk\u00fcnftige Gestaltung und auf die Inhalte der verkn\u00fcpften Seiten. Das Setzen von externen Links bedeutet nicht, dass sich der Anbieter die hinter dem Verweis oder Link liegenden Inhalte zu Eigen macht. Eine st\u00e4ndige Kontrolle dieser externen Links ist f\u00fcr den Anbieter ohne konkrete Hinweise auf Rechtsverst\u00f6\u00dfe nicht zumutbar. Bei Kenntnis von Rechtsverst\u00f6\u00dfen werden jedoch derartige externe Links unverz\u00fcglich gel\u00f6scht.<\/span><\/p><p><span class=\"ff2 fc3 fs14 fi \">Werbeanzeigen<\/span><span class=\"ff2 fc3 fs14 \"><br \/>F\u00fcr den Inhalt der Werbeanzeigen ist der jeweilige Autor verantwortlich, ebenso wie f\u00fcr den Inhalt der beworbenen Website. Die Darstellung der Werbeanzeige stellt keine Akzeptanz durch den Anbieter dar.<\/span><\/p><p>(2)\u00a0<span class=\"ff2 fc3 fs14 fb fu \">Urheberrecht<\/span><\/p><p>Die auf dieser Website ver\u00f6ffentlichten Inhalte und Werke sind urheberrechtlich gesch\u00fctzt. Jede vom Urheberrecht nicht zugelassene Verwertung bedarf der vorherigen schriftlichen Zustimmung des jeweiligen Autors oder Urhebers. Dies gilt insbesondere f\u00fcr Vervielf\u00e4ltigung, Bearbeitung, \u00dcbersetzung, Einspeicherung, Verarbeitung bzw. Wiedergabe von Inhalten in Datenbanken oder anderen elektronischen Medien und Systemen. Inhalte und Beitr\u00e4ge Dritter sind dabei als solche gekennzeichnet. Die unerlaubte Vervielf\u00e4ltigung oder Weitergabe einzelner Inhalte oder kompletter Seiten ist nicht gestattet und strafbar. Lediglich die Herstellung von Kopien und Downloads f\u00fcr den pers\u00f6nlichen, privaten und nicht kommerziellen Gebrauch ist erlaubt.<br \/>Links zur Website des Anbieters sind jederzeit willkommen und bed\u00fcrfen keiner Zustimmung durch den Anbieter der Website. Die Darstellung dieser Website in fremden Frames ist nur mit Erlaubnis zul\u00e4ssig.<\/p><p>(3)\u00a0<span class=\"ff2 fc3 fs14 fb fu \">Anwendbares Recht<\/span><\/p><p>Es gilt ausschlie\u00dflich das ma\u00dfgebliche Recht der Republik \u00d6sterreich.<\/p><p>(4)\u00a0<span class=\"ff2 fc3 fs14 fb fu \">Besondere Nutzungsbedingungen<\/span><\/p><p>Soweit besondere Bedingungen f\u00fcr einzelne Nutzungen dieser Website von den vorgenannten Punkten (1) bis (3) abweichen, wird an entsprechender Stelle ausdr\u00fccklich darauf hingewiesen. In diesem Falle gelten im jeweiligen Einzelfall die besonderen Nutzungsbedingungen.<\/p>\t\t\t\t\t\t\t\t<\/div>\n\t\t\t\t<\/div>\n\t\t\t\t\t<\/div>\n\t\t\t\t<\/div>\n\t\t<div class=\"elementor-element elementor-element-6541b92 e-flex e-con-boxed e-con e-parent\" data-id=\"6541b92\" data-element_type=\"container\" data-e-type=\"container\">\n\t\t\t\t\t<div class=\"e-con-inner\">\n\t\t\t\t<div class=\"elementor-element elementor-element-256f36b elementor-align-center elementor-widget elementor-widget-button\" data-id=\"256f36b\" data-element_type=\"widget\" data-e-type=\"widget\" data-widget_type=\"button.default\">\n\t\t\t\t<div class=\"elementor-widget-container\">\n\t\t\t\t\t\t\t\t\t<div class=\"elementor-button-wrapper\">\n\t\t\t\t\t<a class=\"elementor-button elementor-button-link elementor-size-sm\" href=\"https:\/\/www.au-donau.at\/heimathaus\/\">\n\t\t\t\t\t\t<span class=\"elementor-button-content-wrapper\">\n\t\t\t\t\t\t\t\t\t<span class=\"elementor-button-text\">Zur Startseite<\/span>\n\t\t\t\t\t<\/span>\n\t\t\t\t\t<\/a>\n\t\t\t\t<\/div>\n\t\t\t\t\t\t\t\t<\/div>\n\t\t\t\t<\/div>\n\t\t\t\t\t<\/div>\n\t\t\t\t<\/div>\n\t\t\t\t<\/div>\n\t\t","protected":false},"excerpt":{"rendered":"<p>Offenlegung gem\u00e4\u00df dem Mediengesetz: Vereinsbezeichnung: FORUM NAARNZVR-Zahl: 787682359 Vereinsadresse: Salznerweg 7A-4331 Naarn im Machland Kontakt: Obmann Harald Lambauer Zur Kontaktseite Ziel des Vereines ist die Erhaltung des Naarner Heimathauses sowie die Erhaltung des heimatlichen Kulturgutes. Rechtliche Hinweise: (1)\u00a0Haftungsbeschr\u00e4nkung Externe LinksDiese Website enth\u00e4lt Verkn\u00fcpfungen zu Websites Dritter (\u201eexterne Links\u201c). Diese Websites unterliegen der Haftung der jeweiligen [&hellip;]<\/p>\n","protected":false},"author":1,"featured_media":0,"parent":0,"menu_order":0,"comment_status":"closed","ping_status":"closed","template":"","meta":{"footnotes":""},"class_list":["post-381","page","type-page","status-publish","hentry"],"_links":{"self":[{"href":"https:\/\/www.au-donau.at\/heimathaus\/wp-json\/wp\/v2\/pages\/381","targetHints":{"allow":["GET"]}}],"collection":[{"href":"https:\/\/www.au-donau.at\/heimathaus\/wp-json\/wp\/v2\/pages"}],"about":[{"href":"https:\/\/www.au-donau.at\/heimathaus\/wp-json\/wp\/v2\/types\/page"}],"author":[{"embeddable":true,"href":"https:\/\/www.au-donau.at\/heimathaus\/wp-json\/wp\/v2\/users\/1"}],"replies":[{"embeddable":true,"href":"https:\/\/www.au-donau.at\/heimathaus\/wp-json\/wp\/v2\/comments?post=381"}],"version-history":[{"count":11,"href":"https:\/\/www.au-donau.at\/heimathaus\/wp-json\/wp\/v2\/pages\/381\/revisions"}],"predecessor-version":[{"id":2479,"href":"https:\/\/www.au-donau.at\/heimathaus\/wp-json\/wp\/v2\/pages\/381\/revisions\/2479"}],"wp:attachment":[{"href":"https:\/\/www.au-donau.at\/heimathaus\/wp-json\/wp\/v2\/media?parent=381"}],"curies":[{"name":"wp","href":"https:\/\/api.w.org\/{rel}","templated":true}]}}