{"id":1070,"date":"2023-04-14T17:42:39","date_gmt":"2023-04-14T15:42:39","guid":{"rendered":"https:\/\/www.au-donau.at\/heimathaus2023\/?page_id=1070"},"modified":"2024-06-01T12:52:19","modified_gmt":"2024-06-01T10:52:19","slug":"downloads","status":"publish","type":"page","link":"https:\/\/www.au-donau.at\/heimathaus\/downloads\/","title":{"rendered":"Downloads"},"content":{"rendered":"\t\t<div data-elementor-type=\"wp-page\" data-elementor-id=\"1070\" class=\"elementor elementor-1070\" data-elementor-post-type=\"page\">\n\t\t\t\t<div class=\"elementor-element elementor-element-801fb23 e-flex e-con-boxed e-con e-parent\" data-id=\"801fb23\" data-element_type=\"container\" data-e-type=\"container\">\n\t\t\t\t\t<div class=\"e-con-inner\">\n\t\t\t\t<div class=\"elementor-element elementor-element-872aa6f elementor-widget__width-initial elementor-widget elementor-widget-image\" data-id=\"872aa6f\" data-element_type=\"widget\" data-e-type=\"widget\" data-widget_type=\"image.default\">\n\t\t\t\t<div class=\"elementor-widget-container\">\n\t\t\t\t\t\t\t\t\t\t\t\t\t\t\t\t<a href=\"https:\/\/www.au-donau.at\/heimathaus\/wp-content\/uploads\/2023\/04\/infoblatt_heimathaus_NEU.pdf\" target=\"_blank\">\n\t\t\t\t\t\t\t<img fetchpriority=\"high\" decoding=\"async\" width=\"212\" height=\"300\" src=\"https:\/\/www.au-donau.at\/heimathaus\/wp-content\/uploads\/2023\/04\/infoblatt_heimathaus_NEU-212x300.jpg\" class=\"attachment-medium size-medium wp-image-1075\" alt=\"\" srcset=\"https:\/\/www.au-donau.at\/heimathaus\/wp-content\/uploads\/2023\/04\/infoblatt_heimathaus_NEU-212x300.jpg 212w, https:\/\/www.au-donau.at\/heimathaus\/wp-content\/uploads\/2023\/04\/infoblatt_heimathaus_NEU-724x1024.jpg 724w, https:\/\/www.au-donau.at\/heimathaus\/wp-content\/uploads\/2023\/04\/infoblatt_heimathaus_NEU-768x1086.jpg 768w, https:\/\/www.au-donau.at\/heimathaus\/wp-content\/uploads\/2023\/04\/infoblatt_heimathaus_NEU-1086x1536.jpg 1086w, https:\/\/www.au-donau.at\/heimathaus\/wp-content\/uploads\/2023\/04\/infoblatt_heimathaus_NEU-1448x2048.jpg 1448w, https:\/\/www.au-donau.at\/heimathaus\/wp-content\/uploads\/2023\/04\/infoblatt_heimathaus_NEU-scaled.jpg 1810w\" sizes=\"(max-width: 212px) 100vw, 212px\" \/>\t\t\t\t\t\t\t\t<\/a>\n\t\t\t\t\t\t\t\t\t\t\t\t\t\t\t<\/div>\n\t\t\t\t<\/div>\n\t\t\t\t<div class=\"elementor-element elementor-element-b83bbc2 elementor-widget elementor-widget-text-editor\" data-id=\"b83bbc2\" data-element_type=\"widget\" data-e-type=\"widget\" data-widget_type=\"text-editor.default\">\n\t\t\t\t<div class=\"elementor-widget-container\">\n\t\t\t\t\t\t\t\t\t<p style=\"text-align: center;\"><a href=\"https:\/\/www.au-donau.at\/heimathaus\/wp-content\/uploads\/2023\/04\/infoblatt_heimathaus_NEU.pdf\">Download Infoblatt zum Heimathaus Naarn\u00a0als pdf-Datei<\/a><\/p>\t\t\t\t\t\t\t\t<\/div>\n\t\t\t\t<\/div>\n\t\t\t\t<div class=\"elementor-element elementor-element-3c87647 elementor-widget-divider--view-line elementor-widget elementor-widget-divider\" data-id=\"3c87647\" data-element_type=\"widget\" data-e-type=\"widget\" data-widget_type=\"divider.default\">\n\t\t\t\t<div class=\"elementor-widget-container\">\n\t\t\t\t\t\t\t<div class=\"elementor-divider\">\n\t\t\t<span class=\"elementor-divider-separator\">\n\t\t\t\t\t\t<\/span>\n\t\t<\/div>\n\t\t\t\t\t\t<\/div>\n\t\t\t\t<\/div>\n\t\t\t\t\t<\/div>\n\t\t\t\t<\/div>\n\t\t<div class=\"elementor-element elementor-element-e475c74 e-flex e-con-boxed e-con e-parent\" data-id=\"e475c74\" data-element_type=\"container\" data-e-type=\"container\">\n\t\t\t\t\t<div class=\"e-con-inner\">\n\t\t\t\t<div class=\"elementor-element elementor-element-3758737 elementor-widget elementor-widget-image\" data-id=\"3758737\" data-element_type=\"widget\" data-e-type=\"widget\" data-widget_type=\"image.default\">\n\t\t\t\t<div class=\"elementor-widget-container\">\n\t\t\t\t\t\t\t\t\t\t\t\t\t\t\t<img decoding=\"async\" width=\"724\" height=\"1024\" src=\"https:\/\/www.au-donau.at\/heimathaus\/wp-content\/uploads\/2024\/06\/Beitrittserklaerung-neu-ab-2024-724x1024.jpg\" class=\"attachment-large size-large wp-image-2157\" alt=\"\" srcset=\"https:\/\/www.au-donau.at\/heimathaus\/wp-content\/uploads\/2024\/06\/Beitrittserklaerung-neu-ab-2024-724x1024.jpg 724w, https:\/\/www.au-donau.at\/heimathaus\/wp-content\/uploads\/2024\/06\/Beitrittserklaerung-neu-ab-2024-212x300.jpg 212w, https:\/\/www.au-donau.at\/heimathaus\/wp-content\/uploads\/2024\/06\/Beitrittserklaerung-neu-ab-2024-768x1086.jpg 768w, https:\/\/www.au-donau.at\/heimathaus\/wp-content\/uploads\/2024\/06\/Beitrittserklaerung-neu-ab-2024-1086x1536.jpg 1086w, https:\/\/www.au-donau.at\/heimathaus\/wp-content\/uploads\/2024\/06\/Beitrittserklaerung-neu-ab-2024-1448x2048.jpg 1448w, https:\/\/www.au-donau.at\/heimathaus\/wp-content\/uploads\/2024\/06\/Beitrittserklaerung-neu-ab-2024-scaled.jpg 1811w\" sizes=\"(max-width: 724px) 100vw, 724px\" \/>\t\t\t\t\t\t\t\t\t\t\t\t\t\t\t<\/div>\n\t\t\t\t<\/div>\n\t\t\t\t<div class=\"elementor-element elementor-element-ecad6ed elementor-widget elementor-widget-text-editor\" data-id=\"ecad6ed\" data-element_type=\"widget\" data-e-type=\"widget\" data-widget_type=\"text-editor.default\">\n\t\t\t\t<div class=\"elementor-widget-container\">\n\t\t\t\t\t\t\t\t\t<p style=\"text-align: center;\"><a href=\"https:\/\/www.au-donau.at\/heimathaus\/wp-content\/uploads\/2023\/04\/Beitrittserklaerung_KFN_2023-1.pdf\">Beitrittserkl\u00e4rung Kulturverein Forum Naarn als pdf-Datei<\/a><\/p>\t\t\t\t\t\t\t\t<\/div>\n\t\t\t\t<\/div>\n\t\t\t\t\t<\/div>\n\t\t\t\t<\/div>\n\t\t<div class=\"elementor-element elementor-element-09a240f e-flex e-con-boxed e-con e-parent\" data-id=\"09a240f\" data-element_type=\"container\" data-e-type=\"container\">\n\t\t\t\t\t<div class=\"e-con-inner\">\n\t\t\t\t<div class=\"elementor-element elementor-element-076c47a elementor-widget-divider--view-line elementor-widget elementor-widget-divider\" data-id=\"076c47a\" data-element_type=\"widget\" data-e-type=\"widget\" data-widget_type=\"divider.default\">\n\t\t\t\t<div class=\"elementor-widget-container\">\n\t\t\t\t\t\t\t<div class=\"elementor-divider\">\n\t\t\t<span class=\"elementor-divider-separator\">\n\t\t\t\t\t\t<\/span>\n\t\t<\/div>\n\t\t\t\t\t\t<\/div>\n\t\t\t\t<\/div>\n\t\t\t\t<div class=\"elementor-element elementor-element-ec95f69 elementor-widget elementor-widget-image\" data-id=\"ec95f69\" data-element_type=\"widget\" data-e-type=\"widget\" data-widget_type=\"image.default\">\n\t\t\t\t<div class=\"elementor-widget-container\">\n\t\t\t\t\t\t\t\t\t\t\t\t\t\t\t<img decoding=\"async\" width=\"724\" height=\"1024\" src=\"https:\/\/www.au-donau.at\/heimathaus\/wp-content\/uploads\/2024\/05\/SEPA_Lastschrift-Mandat_2024-724x1024.jpg\" class=\"attachment-large size-large wp-image-2078\" alt=\"\" srcset=\"https:\/\/www.au-donau.at\/heimathaus\/wp-content\/uploads\/2024\/05\/SEPA_Lastschrift-Mandat_2024-724x1024.jpg 724w, https:\/\/www.au-donau.at\/heimathaus\/wp-content\/uploads\/2024\/05\/SEPA_Lastschrift-Mandat_2024-212x300.jpg 212w, https:\/\/www.au-donau.at\/heimathaus\/wp-content\/uploads\/2024\/05\/SEPA_Lastschrift-Mandat_2024-768x1086.jpg 768w, https:\/\/www.au-donau.at\/heimathaus\/wp-content\/uploads\/2024\/05\/SEPA_Lastschrift-Mandat_2024-1086x1536.jpg 1086w, https:\/\/www.au-donau.at\/heimathaus\/wp-content\/uploads\/2024\/05\/SEPA_Lastschrift-Mandat_2024-1448x2048.jpg 1448w, https:\/\/www.au-donau.at\/heimathaus\/wp-content\/uploads\/2024\/05\/SEPA_Lastschrift-Mandat_2024-scaled.jpg 1811w\" sizes=\"(max-width: 724px) 100vw, 724px\" \/>\t\t\t\t\t\t\t\t\t\t\t\t\t\t\t<\/div>\n\t\t\t\t<\/div>\n\t\t\t\t<div class=\"elementor-element elementor-element-d4d070b elementor-widget elementor-widget-text-editor\" data-id=\"d4d070b\" data-element_type=\"widget\" data-e-type=\"widget\" data-widget_type=\"text-editor.default\">\n\t\t\t\t<div class=\"elementor-widget-container\">\n\t\t\t\t\t\t\t\t\t<p style=\"text-align: center;\"><a href=\"https:\/\/www.au-donau.at\/heimathaus\/wp-content\/uploads\/2024\/05\/SEPA_Lastschrift-Mandat_2024.pdf\">Download Sepaformular (Einzugserm\u00e4chtigung) f\u00fcr den Mitgliedsbeitrag als pdf-Datei<\/a><\/p>\t\t\t\t\t\t\t\t<\/div>\n\t\t\t\t<\/div>\n\t\t\t\t\t<\/div>\n\t\t\t\t<\/div>\n\t\t\t\t<\/div>\n\t\t","protected":false},"excerpt":{"rendered":"<p>Download Infoblatt zum Heimathaus Naarn\u00a0als pdf-Datei Beitrittserkl\u00e4rung Kulturverein Forum Naarn als pdf-Datei Download Sepaformular (Einzugserm\u00e4chtigung) f\u00fcr den Mitgliedsbeitrag als pdf-Datei<\/p>\n","protected":false},"author":1,"featured_media":0,"parent":0,"menu_order":0,"comment_status":"closed","ping_status":"closed","template":"","meta":{"footnotes":""},"class_list":["post-1070","page","type-page","status-publish","hentry"],"_links":{"self":[{"href":"https:\/\/www.au-donau.at\/heimathaus\/wp-json\/wp\/v2\/pages\/1070","targetHints":{"allow":["GET"]}}],"collection":[{"href":"https:\/\/www.au-donau.at\/heimathaus\/wp-json\/wp\/v2\/pages"}],"about":[{"href":"https:\/\/www.au-donau.at\/heimathaus\/wp-json\/wp\/v2\/types\/page"}],"author":[{"embeddable":true,"href":"https:\/\/www.au-donau.at\/heimathaus\/wp-json\/wp\/v2\/users\/1"}],"replies":[{"embeddable":true,"href":"https:\/\/www.au-donau.at\/heimathaus\/wp-json\/wp\/v2\/comments?post=1070"}],"version-history":[{"count":51,"href":"https:\/\/www.au-donau.at\/heimathaus\/wp-json\/wp\/v2\/pages\/1070\/revisions"}],"predecessor-version":[{"id":2275,"href":"https:\/\/www.au-donau.at\/heimathaus\/wp-json\/wp\/v2\/pages\/1070\/revisions\/2275"}],"wp:attachment":[{"href":"https:\/\/www.au-donau.at\/heimathaus\/wp-json\/wp\/v2\/media?parent=1070"}],"curies":[{"name":"wp","href":"https:\/\/api.w.org\/{rel}","templated":true}]}}